{"id":14,"date":"2020-08-29T02:18:07","date_gmt":"2020-08-29T02:18:07","guid":{"rendered":"https:\/\/demo.cmssuperheroes.com\/themeforest\/koira\/?page_id=14"},"modified":"2020-08-29T02:18:07","modified_gmt":"2020-08-29T02:18:07","slug":"blog","status":"publish","type":"page","link":"https:\/\/parmarthmissionhospital.com\/index.php\/blog\/","title":{"rendered":"Blog"},"content":{"rendered":"\t\t<div data-elementor-type=\"wp-post\" data-elementor-id=\"14\" class=\"elementor elementor-14\" data-elementor-settings=\"[]\">\n\t\t\t\t\t\t\t<div class=\"elementor-section-wrap\">\n\t\t\t\t\t        <section class=\"elementor-section elementor-top-section elementor-element elementor-element-88f8c7b elementor-section-stretched elementor-section-boxed elementor-section-height-default elementor-section-height-default\" data-id=\"88f8c7b\" data-element_type=\"section\" data-settings=\"{&quot;stretch_section&quot;:&quot;section-stretched&quot;,&quot;background_background&quot;:&quot;classic&quot;}\">\n                            <div class=\"elementor-background-overlay\"><\/div>\n                \n                        <div class=\"elementor-container elementor-column-gap-default \">\n                    <div class=\"elementor-column elementor-col-100 elementor-top-column elementor-element elementor-element-8a40248\" data-id=\"8a40248\" data-element_type=\"column\">\n            <div class=\"elementor-widget-wrap elementor-element-populated\">\n                        \t\t<div class=\"elementor-element elementor-element-8f64f10 elementor-widget elementor-widget-cms_heading\" data-id=\"8f64f10\" data-element_type=\"widget\" data-widget_type=\"cms_heading.default\">\n\t\t\t\t<div class=\"elementor-widget-container\">\n\t\t\t<div class=\"cms-heading-wrapper cms-heading-layout1\">\r\n    \r\n            <h2 class=\"custom-heading\">\r\n            <span >Health Essentials<\/span>\r\n        <\/h2>\r\n        \r\n    <\/div>\t\t<\/div>\n\t\t\t\t<\/div>\n\t\t\t\t<div class=\"elementor-element elementor-element-ca58767 elementor-widget elementor-widget-cms_breadcrumb\" data-id=\"ca58767\" data-element_type=\"widget\" data-widget_type=\"cms_breadcrumb.default\">\n\t\t\t\t<div class=\"elementor-widget-container\">\n\t\t\t<ul class=\"cms-breadcrumb\"><li><span class=\"breadcrumb-entry\">Home<\/span><\/li><\/ul>\t\t<\/div>\n\t\t\t\t<\/div>\n\t\t            <\/div>\n        <\/div>\n                            <\/div>\n        <\/section>\n                <section class=\"elementor-section elementor-top-section elementor-element elementor-element-8cd3075 elementor-section-boxed elementor-section-height-default elementor-section-height-default\" data-id=\"8cd3075\" data-element_type=\"section\">\n            \n                        <div class=\"elementor-container elementor-column-gap-default \">\n                    <div class=\"elementor-column elementor-col-100 elementor-top-column elementor-element elementor-element-991cd29\" data-id=\"991cd29\" data-element_type=\"column\">\n            <div class=\"elementor-widget-wrap elementor-element-populated\">\n                        \t\t<div class=\"elementor-element elementor-element-a5c18ad elementor-widget elementor-widget-cms_post_grid\" data-id=\"a5c18ad\" data-element_type=\"widget\" data-widget_type=\"cms_post_grid.default\">\n\t\t\t\t<div class=\"elementor-widget-container\">\n\t\t\t\r\n<div id=\"cms_post_grid-a5c18ad\" class=\"cms-grid cms-post-grid-layout1\" data-layout=\"masonry\" data-start-page=\"1\" data-max-pages=\"3882\" data-total=\"23289\" data-perpage=\"6\" data-next-link=\"https:\/\/parmarthmissionhospital.com\/index.php\/wp-json\/wp\/v2\/pages\/14\/page\/2\/\">\r\n    <div class=\"cms-grid-overlay\"><\/div>\r\n    \r\n    <div class=\"cms-grid-inner cms-grid-masonry row animation-time\" data-gutter=\"15\">\r\n                    <div class=\"grid-sizer col-xl-4 col-lg-4 col-md-6 col-sm-6 col-12\"><\/div>\r\n                                <div class=\"grid-item col-xl-4 col-lg-4 col-md-6 col-sm-6 col-12 \">\r\n                    <div class=\"grid-item-inner\">\r\n                                                <div class=\"entry-body\">\r\n                            <ul class=\"entry-meta\">\r\n                                                                    <li class=\"post-date\">May 11, 2026<\/li>\r\n                                                                                                    <li class=\"author\">\r\n                                        <a href=\"https:\/\/parmarthmissionhospital.com\/index.php\/author\/admin_ypoah9he\/\">admin<\/a><\/li>\r\n                                                            <\/ul>\r\n                                                            <h3 class=\"entry-title\"><a href=\"https:\/\/parmarthmissionhospital.com\/index.php\/2026\/05\/11\/beep-beep-kasyno-online-bezpieczestwo-i-niezawodno418\/\">Beep Beep Kasyno online bezpieczestwo i niezawodno.418<\/a><\/h3>\r\n                                                                                        <div class=\"entry-content\">\r\n                                    Beep Beep Kasyno online &#8211; bezpiecze\u0144stwo i niezawodno\u015b\u0107 \u25b6\ufe0f GRA\u0106 \u0421\u043e\u0434\u0435\u0440\u0436\u0438\u043c\u043e\u0435 Bezpiecze\u0144stwo w kasynie online Bezpiecze\u0144stwo danych Niezawodno\u015b\u0107 w kasynie online Je\u015bli szukasz bezpiecznego i niezawodnego kasyna online, to Beep&hellip;                                <\/div>\r\n                                                                                        <div class=\"entry-readmore\">\r\n                                    <a class=\"btn-more\" href=\"https:\/\/parmarthmissionhospital.com\/index.php\/2026\/05\/11\/beep-beep-kasyno-online-bezpieczestwo-i-niezawodno418\/\">\r\n                                        <span>Read More<\/span>\r\n                                        <i class=\"far fa-arrow-right\"><\/i>\r\n                                    <\/a>\r\n                                <\/div>\r\n                                                    <\/div>\r\n                    <\/div>\r\n                <\/div>\r\n                            <div class=\"grid-item col-xl-4 col-lg-4 col-md-6 col-sm-6 col-12 \">\r\n                    <div class=\"grid-item-inner\">\r\n                                                <div class=\"entry-body\">\r\n                            <ul class=\"entry-meta\">\r\n                                                                    <li class=\"post-date\">May 11, 2026<\/li>\r\n                                                                                                    <li class=\"author\">\r\n                                        <a href=\"https:\/\/parmarthmissionhospital.com\/index.php\/author\/admin_ypoah9he\/\">admin<\/a><\/li>\r\n                                                            <\/ul>\r\n                                                            <h3 class=\"entry-title\"><a href=\"https:\/\/parmarthmissionhospital.com\/index.php\/2026\/05\/11\/lemon-casino-szczegowa-recenzja-lemon-kasyno6529\/\">Lemon Casino &#8211; szczegowa recenzja Lemon Kasyno.6529<\/a><\/h3>\r\n                                                                                        <div class=\"entry-content\">\r\n                                    Lemon Casino &#8211; szczeg\u00f3\u0142owa recenzja Lemon Kasyno \u25b6\ufe0f GRA\u0106 \u0421\u043e\u0434\u0435\u0440\u0436\u0438\u043c\u043e\u0435 Jak zarejestrowa\u0107 si\u0119 w Lemon Casino Gry dost\u0119pne w Lemon Casino Metody p\u0142atno\u015bci w Lemon Casino Je\u015bli szukasz wiarygodnej i&hellip;                                <\/div>\r\n                                                                                        <div class=\"entry-readmore\">\r\n                                    <a class=\"btn-more\" href=\"https:\/\/parmarthmissionhospital.com\/index.php\/2026\/05\/11\/lemon-casino-szczegowa-recenzja-lemon-kasyno6529\/\">\r\n                                        <span>Read More<\/span>\r\n                                        <i class=\"far fa-arrow-right\"><\/i>\r\n                                    <\/a>\r\n                                <\/div>\r\n                                                    <\/div>\r\n                    <\/div>\r\n                <\/div>\r\n                            <div class=\"grid-item col-xl-4 col-lg-4 col-md-6 col-sm-6 col-12 \">\r\n                    <div class=\"grid-item-inner\">\r\n                                                <div class=\"entry-body\">\r\n                            <ul class=\"entry-meta\">\r\n                                                                    <li class=\"post-date\">May 11, 2026<\/li>\r\n                                                                                                    <li class=\"author\">\r\n                                        <a href=\"https:\/\/parmarthmissionhospital.com\/index.php\/author\/admin_ypoah9he\/\">admin<\/a><\/li>\r\n                                                            <\/ul>\r\n                                                            <h3 class=\"entry-title\"><a href=\"https:\/\/parmarthmissionhospital.com\/index.php\/2026\/05\/11\/casinos-that-approve-neteller-a-comprehensive-overview\/\">Casinos That Approve Neteller: A Comprehensive Overview<\/a><\/h3>\r\n                                                                                        <div class=\"entry-content\">\r\n                                    Neteller is a prominent e-wallet solution that permits users to make on-line payments securely and easily. With its large acceptance in the on-line betting industry, numerous online casinos now provide&hellip;                                <\/div>\r\n                                                                                        <div class=\"entry-readmore\">\r\n                                    <a class=\"btn-more\" href=\"https:\/\/parmarthmissionhospital.com\/index.php\/2026\/05\/11\/casinos-that-approve-neteller-a-comprehensive-overview\/\">\r\n                                        <span>Read More<\/span>\r\n                                        <i class=\"far fa-arrow-right\"><\/i>\r\n                                    <\/a>\r\n                                <\/div>\r\n                                                    <\/div>\r\n                    <\/div>\r\n                <\/div>\r\n                            <div class=\"grid-item col-xl-4 col-lg-4 col-md-6 col-sm-6 col-12 \">\r\n                    <div class=\"grid-item-inner\">\r\n                                                <div class=\"entry-body\">\r\n                            <ul class=\"entry-meta\">\r\n                                                                    <li class=\"post-date\">May 11, 2026<\/li>\r\n                                                                                                    <li class=\"author\">\r\n                                        <a href=\"https:\/\/parmarthmissionhospital.com\/index.php\/author\/admin_ypoah9he\/\">admin<\/a><\/li>\r\n                                                            <\/ul>\r\n                                                            <h3 class=\"entry-title\"><a href=\"https:\/\/parmarthmissionhospital.com\/index.php\/2026\/05\/11\/nv-casino-online-mobile-app4344\/\">NV Casino Online Mobile App.4344<\/a><\/h3>\r\n                                                                                        <div class=\"entry-content\">\r\n                                    NV Casino Online &#8211; Mobile App \u25b6\ufe0f SPIELEN \u0421\u043e\u0434\u0435\u0440\u0436\u0438\u043c\u043e\u0435 Die Vorteile einer mobilen App Die Vorteile einer mobilen App Wie funktioniert die App? Registrieren und Starten bei NV Casino Online&hellip;                                <\/div>\r\n                                                                                        <div class=\"entry-readmore\">\r\n                                    <a class=\"btn-more\" href=\"https:\/\/parmarthmissionhospital.com\/index.php\/2026\/05\/11\/nv-casino-online-mobile-app4344\/\">\r\n                                        <span>Read More<\/span>\r\n                                        <i class=\"far fa-arrow-right\"><\/i>\r\n                                    <\/a>\r\n                                <\/div>\r\n                                                    <\/div>\r\n                    <\/div>\r\n                <\/div>\r\n                            <div class=\"grid-item col-xl-4 col-lg-4 col-md-6 col-sm-6 col-12 \">\r\n                    <div class=\"grid-item-inner\">\r\n                                                <div class=\"entry-body\">\r\n                            <ul class=\"entry-meta\">\r\n                                                                    <li class=\"post-date\">May 11, 2026<\/li>\r\n                                                                                                    <li class=\"author\">\r\n                                        <a href=\"https:\/\/parmarthmissionhospital.com\/index.php\/author\/admin_ypoah9he\/\">admin<\/a><\/li>\r\n                                                            <\/ul>\r\n                                                            <h3 class=\"entry-title\"><a href=\"https:\/\/parmarthmissionhospital.com\/index.php\/2026\/05\/11\/1win-trkiye-giri-1win-casino-ve-spor-bahisleri-resmi-site15821-2\/\">1Win Trkiye Giri &#8211; 1win Casino ve Spor Bahisleri &#8211; Resmi Site.15821 (2)<\/a><\/h3>\r\n                                                                                        <div class=\"entry-content\">\r\n                                    1Win T\u00fcrkiye Giri\u015f &#8211; 1win Casino ve Spor Bahisleri &#8211; Resmi Site \u25b6\ufe0f PLAY \u0421\u043e\u0434\u0435\u0440\u0436\u0438\u043c\u043e\u0435 1Win Nedir ve Nas\u0131l Ba\u015flang\u0131\u00e7 Yap\u0131l\u0131r? 1Win Casino ve Spor Bahisleri Hakk\u0131nda 1Win Resmi Sitesi&hellip;                                <\/div>\r\n                                                                                        <div class=\"entry-readmore\">\r\n                                    <a class=\"btn-more\" href=\"https:\/\/parmarthmissionhospital.com\/index.php\/2026\/05\/11\/1win-trkiye-giri-1win-casino-ve-spor-bahisleri-resmi-site15821-2\/\">\r\n                                        <span>Read More<\/span>\r\n                                        <i class=\"far fa-arrow-right\"><\/i>\r\n                                    <\/a>\r\n                                <\/div>\r\n                                                    <\/div>\r\n                    <\/div>\r\n                <\/div>\r\n                            <div class=\"grid-item col-xl-4 col-lg-4 col-md-6 col-sm-6 col-12 \">\r\n                    <div class=\"grid-item-inner\">\r\n                                                <div class=\"entry-body\">\r\n                            <ul class=\"entry-meta\">\r\n                                                                    <li class=\"post-date\">May 11, 2026<\/li>\r\n                                                                                                    <li class=\"author\">\r\n                                        <a href=\"https:\/\/parmarthmissionhospital.com\/index.php\/author\/admin_ypoah9he\/\">admin<\/a><\/li>\r\n                                                            <\/ul>\r\n                                                            <h3 class=\"entry-title\"><a href=\"https:\/\/parmarthmissionhospital.com\/index.php\/2026\/05\/11\/sultan-games-rukovodstvo-po-igram689\/\">Sultan Games \u0420\u0443\u043a\u043e\u0432\u043e\u0434\u0441\u0442\u0432\u043e \u043f\u043e \u0438\u0433\u0440\u0430\u043c.689<\/a><\/h3>\r\n                                                                                        <div class=\"entry-content\">\r\n                                    \u041a\u0430\u0437\u0438\u043d\u043e Sultan Games &#8211; \u0420\u0443\u043a\u043e\u0432\u043e\u0434\u0441\u0442\u0432\u043e \u043f\u043e \u0438\u0433\u0440\u0430\u043c \u25b6\ufe0f \u0418\u0413\u0420\u0410\u0422\u042c \u0421\u043e\u0434\u0435\u0440\u0436\u0438\u043c\u043e\u0435 \u041e\u0441\u043d\u043e\u0432\u043d\u044b\u0435 \u0438\u0433\u0440\u044b \u043a\u0430\u0437\u0438\u043d\u043e \u0421\u043b\u043e\u0442\u044b \u0422\u0430\u0431\u043b\u0438\u0446\u044b \u0412\u0438\u0434\u0435\u043e-\u043b\u043e\u0442\u0435\u0440\u0435\u044f \u0411\u0438\u043d\u0433\u043e \u041f\u0440\u0430\u0432\u0438\u043b\u0430 \u0438 \u0441\u0442\u0440\u0430\u0442\u0435\u0433\u0438\u0438 \u0434\u043b\u044f \u0443\u0441\u043f\u0435\u0448\u043d\u043e\u0439 \u0438\u0433\u0440\u044b \u0432 \u043a\u0430\u0437\u0438\u043d\u043e Sultan Games \u0415\u0441\u043b\u0438 \u0432\u044b \u0438\u0449\u0435\u0442\u0435&hellip;                                <\/div>\r\n                                                                                        <div class=\"entry-readmore\">\r\n                                    <a class=\"btn-more\" href=\"https:\/\/parmarthmissionhospital.com\/index.php\/2026\/05\/11\/sultan-games-rukovodstvo-po-igram689\/\">\r\n                                        <span>Read More<\/span>\r\n                                        <i class=\"far fa-arrow-right\"><\/i>\r\n                                    <\/a>\r\n                                <\/div>\r\n                                                    <\/div>\r\n                    <\/div>\r\n                <\/div>\r\n                <\/div>\r\n            <div class=\"cms-grid-pagination\" data-loadmore=\"{&quot;startPage&quot;:1,&quot;maxPages&quot;:3882,&quot;total&quot;:23289,&quot;perpage&quot;:&quot;6&quot;,&quot;nextLink&quot;:&quot;https:\\\/\\\/parmarthmissionhospital.com\\\/index.php\\\/wp-json\\\/wp\\\/v2\\\/pages\\\/14\\\/page\\\/2\\\/&quot;,&quot;source&quot;:&quot;&quot;,&quot;orderby&quot;:&quot;date&quot;,&quot;order&quot;:&quot;desc&quot;,&quot;limit&quot;:&quot;6&quot;,&quot;post_ids&quot;:&quot;&quot;,&quot;col_xl&quot;:4,&quot;col_lg&quot;:4,&quot;col_md&quot;:6,&quot;col_sm&quot;:6,&quot;col_xs&quot;:12,&quot;thumbnail_size&quot;:&quot;custom&quot;,&quot;thumbnail_custom_dimension&quot;:{&quot;width&quot;:&quot;370&quot;,&quot;height&quot;:&quot;270&quot;},&quot;title_tag&quot;:&quot;h3&quot;,&quot;pagination_type&quot;:&quot;pagination&quot;,&quot;show_thumbnail&quot;:&quot;true&quot;,&quot;show_meta&quot;:&quot;true&quot;,&quot;show_author&quot;:&quot;true&quot;,&quot;show_post_date&quot;:&quot;true&quot;,&quot;show_categories&quot;:&quot;true&quot;,&quot;show_title&quot;:&quot;true&quot;,&quot;show_excerpt&quot;:&quot;true&quot;,&quot;num_words&quot;:30,&quot;show_button&quot;:&quot;true&quot;,&quot;hover_animation&quot;:&quot;pagination&quot;,&quot;button_text&quot;:&quot;Read More&quot;,&quot;template_type&quot;:&quot;post_grid_layout1&quot;,&quot;tax&quot;:[]}\" data-query=\"{&quot;post_type&quot;:&quot;post&quot;,&quot;posts_per_page&quot;:6,&quot;order&quot;:&quot;desc&quot;,&quot;orderby&quot;:&quot;date&quot;,&quot;tax_query&quot;:{&quot;relation&quot;:&quot;OR&quot;},&quot;post__not_in&quot;:[14]}\">\r\n                <nav class=\"navigation posts-pagination ajax\">\r\n        <div class=\"posts-page-links\">\r\n            <span aria-current=\"page\" class=\"page-numbers current\">1<\/span>\n<a class=\"page-numbers\" href=\"#2\">2<\/a>\n<span class=\"page-numbers dots\">&hellip;<\/span>\n<a class=\"page-numbers\" href=\"#3882\">3,882<\/a>\n<a class=\"next page-numbers\" href=\"#2\"><i class=\"fac fac-arrow-right\"><\/i><\/a>        <\/div>\r\n    <\/nav>\r\n            <\/div>\r\n        <\/div>\t\t<\/div>\n\t\t\t\t<\/div>\n\t\t            <\/div>\n        <\/div>\n                            <\/div>\n        <\/section>\n        \t\t\t\t<\/div>\n\t\t\t\t\t<\/div>\n\t\t","protected":false},"excerpt":{"rendered":"<p>Health Essentials Home 30 Jul 2020 That means that you should still be following any shelter-in-place orders in your community. But when you\u2019re venturing out to the grocery store, pharmacy or hospital, it\u2019s wise to wear&hellip; 30 Jul 2020 , Health Essentials Home 30 Jul 2020 Neurology Martin King Unsure About Wearing Face Mask? Here\u2019s [&hellip;]<\/p>\n","protected":false},"author":1,"featured_media":0,"parent":0,"menu_order":0,"comment_status":"closed","ping_status":"closed","template":"","meta":{"footnotes":""},"class_list":["post-14","page","type-page","status-publish","hentry"],"_links":{"self":[{"href":"https:\/\/parmarthmissionhospital.com\/index.php\/wp-json\/wp\/v2\/pages\/14","targetHints":{"allow":["GET"]}}],"collection":[{"href":"https:\/\/parmarthmissionhospital.com\/index.php\/wp-json\/wp\/v2\/pages"}],"about":[{"href":"https:\/\/parmarthmissionhospital.com\/index.php\/wp-json\/wp\/v2\/types\/page"}],"author":[{"embeddable":true,"href":"https:\/\/parmarthmissionhospital.com\/index.php\/wp-json\/wp\/v2\/users\/1"}],"replies":[{"embeddable":true,"href":"https:\/\/parmarthmissionhospital.com\/index.php\/wp-json\/wp\/v2\/comments?post=14"}],"version-history":[{"count":0,"href":"https:\/\/parmarthmissionhospital.com\/index.php\/wp-json\/wp\/v2\/pages\/14\/revisions"}],"wp:attachment":[{"href":"https:\/\/parmarthmissionhospital.com\/index.php\/wp-json\/wp\/v2\/media?parent=14"}],"curies":[{"name":"wp","href":"https:\/\/api.w.org\/{rel}","templated":true}]}}